{"id":177,"date":"2014-03-07T12:39:10","date_gmt":"2014-03-07T11:39:10","guid":{"rendered":"http:\/\/spansktboende.se\/?page_id=177"},"modified":"2022-01-02T20:44:38","modified_gmt":"2022-01-02T19:44:38","slug":"golf","status":"publish","type":"page","link":"https:\/\/spansktboende.se\/?page_id=177","title":{"rendered":"Golf"},"content":{"rendered":"<h2>\u00c4r du golf intresserad?<\/h2>\n<p>Spanien bjuder p\u00e5 massor av vackra golfbanor med boende p\u00e5 eller bredvid\/n\u00e4ra f\u00f6r dig som <a href=\"Http:\/\/spansktboende.se\/wp-content\/uploads\/2014\/03\/golfbana.jpg\"><img loading=\"lazy\" decoding=\"async\" class=\"size-medium wp-image-182 alignright\" src=\"Http:\/\/spansktboende.se\/wp-content\/uploads\/2014\/03\/golfbana-300x129.jpg\" alt=\"golfbana\" width=\"300\" height=\"129\" srcset=\"https:\/\/spansktboende.se\/wp-content\/uploads\/2014\/03\/golfbana-300x129.jpg 300w, https:\/\/spansktboende.se\/wp-content\/uploads\/2014\/03\/golfbana-624x269.jpg 624w, https:\/\/spansktboende.se\/wp-content\/uploads\/2014\/03\/golfbana.jpg 835w\" sizes=\"(max-width: 300px) 100vw, 300px\" \/><\/a>\u00f6nskar. Hela Costa Blanca omr\u00e5det har vi fastigheter p\u00e5 eller n\u00e4ra en golfbana. Bost\u00e4der finns i alla prisklasser fr\u00e5n ca 500.000 kr och upp\u00e5t.<\/p>\n","protected":false},"excerpt":{"rendered":"<p>\u00c4r du golf intresserad? Spanien bjuder p\u00e5 massor av vackra golfbanor med boende p\u00e5 eller bredvid\/n\u00e4ra f\u00f6r dig som \u00f6nskar. Hela Costa Blanca omr\u00e5det har vi fastigheter p\u00e5 eller n\u00e4ra en golfbana. Bost\u00e4der finns i alla prisklasser fr\u00e5n ca 500.000 kr och upp\u00e5t.<\/p>\n","protected":false},"author":2,"featured_media":0,"parent":0,"menu_order":7,"comment_status":"closed","ping_status":"open","template":"","meta":{"footnotes":""},"_links":{"self":[{"href":"https:\/\/spansktboende.se\/index.php?rest_route=\/wp\/v2\/pages\/177"}],"collection":[{"href":"https:\/\/spansktboende.se\/index.php?rest_route=\/wp\/v2\/pages"}],"about":[{"href":"https:\/\/spansktboende.se\/index.php?rest_route=\/wp\/v2\/types\/page"}],"author":[{"embeddable":true,"href":"https:\/\/spansktboende.se\/index.php?rest_route=\/wp\/v2\/users\/2"}],"replies":[{"embeddable":true,"href":"https:\/\/spansktboende.se\/index.php?rest_route=%2Fwp%2Fv2%2Fcomments&post=177"}],"version-history":[{"count":16,"href":"https:\/\/spansktboende.se\/index.php?rest_route=\/wp\/v2\/pages\/177\/revisions"}],"predecessor-version":[{"id":463,"href":"https:\/\/spansktboende.se\/index.php?rest_route=\/wp\/v2\/pages\/177\/revisions\/463"}],"wp:attachment":[{"href":"https:\/\/spansktboende.se\/index.php?rest_route=%2Fwp%2Fv2%2Fmedia&parent=177"}],"curies":[{"name":"wp","href":"https:\/\/api.w.org\/{rel}","templated":true}]}}