{"id":2,"date":"2013-12-12T20:12:10","date_gmt":"2013-12-12T20:12:10","guid":{"rendered":"http:\/\/spansktboende.se\/?page_id=2"},"modified":"2022-01-02T20:34:38","modified_gmt":"2022-01-02T19:34:38","slug":"exempelsida","status":"publish","type":"page","link":"https:\/\/spansktboende.se\/?page_id=2","title":{"rendered":"Information"},"content":{"rendered":"<h2><strong>Hur g\u00f6r man!<\/strong><\/h2>\n<p>Det \u00e4r inte sv\u00e5rt att k\u00f6pa hus i Spanien, inte sv\u00e5rare \u00e4n h\u00e4r i Sverige. Viktigt \u00e4r \u00e4nd\u00e5 att handla av seri\u00f6sa s\u00e4ljare och f\u00f6retag, som \u00e4r v\u00e4l insatta i Spansk lag och kan hj\u00e4lpa dig hela v\u00e4gen.<\/p>\n<p>Vi hj\u00e4lper dig\u00a0i ditt k\u00f6p hela v\u00e4gen, och ser till att du f\u00e5r vad du betalar f\u00f6r. Tag kontakt med oss s\u00e5 svarar vi p\u00e5 dina fr\u00e5gor, kan vara sk\u00f6nt att prata svenska f\u00f6r dig som \u00f6nskar.<\/p>\n<p>Med h\u00f6g specialisering och m\u00e5nga \u00e5rs erfarenhet p\u00e5 Spanska fastigheter\/marknaden och god kunskap inom Spansk lag hj\u00e4lper vi dig fr\u00e5n steg 1 tills k\u00f6pet \u00e4r klart, men finns ocks\u00e5 efter ditt k\u00f6p tillhanda ifall du beh\u00f6ver.<\/p>\n<hr \/>\n","protected":false},"excerpt":{"rendered":"<p>Hur g\u00f6r man! Det \u00e4r inte sv\u00e5rt att k\u00f6pa hus i Spanien, inte sv\u00e5rare \u00e4n h\u00e4r i Sverige. Viktigt \u00e4r \u00e4nd\u00e5 att handla av seri\u00f6sa s\u00e4ljare och f\u00f6retag, som \u00e4r v\u00e4l insatta i Spansk lag och kan hj\u00e4lpa dig hela v\u00e4gen. Vi hj\u00e4lper dig\u00a0i ditt k\u00f6p hela v\u00e4gen, och ser till att du f\u00e5r vad&hellip; <a class=\"more-link\" href=\"https:\/\/spansktboende.se\/?page_id=2\">L\u00e4s mer <span class=\"screen-reader-text\">Information<\/span><\/a><\/p>\n","protected":false},"author":1,"featured_media":0,"parent":0,"menu_order":0,"comment_status":"closed","ping_status":"open","template":"","meta":{"footnotes":""},"_links":{"self":[{"href":"https:\/\/spansktboende.se\/index.php?rest_route=\/wp\/v2\/pages\/2"}],"collection":[{"href":"https:\/\/spansktboende.se\/index.php?rest_route=\/wp\/v2\/pages"}],"about":[{"href":"https:\/\/spansktboende.se\/index.php?rest_route=\/wp\/v2\/types\/page"}],"author":[{"embeddable":true,"href":"https:\/\/spansktboende.se\/index.php?rest_route=\/wp\/v2\/users\/1"}],"replies":[{"embeddable":true,"href":"https:\/\/spansktboende.se\/index.php?rest_route=%2Fwp%2Fv2%2Fcomments&post=2"}],"version-history":[{"count":23,"href":"https:\/\/spansktboende.se\/index.php?rest_route=\/wp\/v2\/pages\/2\/revisions"}],"predecessor-version":[{"id":458,"href":"https:\/\/spansktboende.se\/index.php?rest_route=\/wp\/v2\/pages\/2\/revisions\/458"}],"wp:attachment":[{"href":"https:\/\/spansktboende.se\/index.php?rest_route=%2Fwp%2Fv2%2Fmedia&parent=2"}],"curies":[{"name":"wp","href":"https:\/\/api.w.org\/{rel}","templated":true}]}}