{"id":22,"date":"2014-02-09T09:20:24","date_gmt":"2014-02-09T08:20:24","guid":{"rendered":"http:\/\/spansktboende.se\/?page_id=22"},"modified":"2022-01-02T20:40:41","modified_gmt":"2022-01-02T19:40:41","slug":"information","status":"publish","type":"page","link":"https:\/\/spansktboende.se\/?page_id=22","title":{"rendered":"om oss"},"content":{"rendered":"<h2>Vi hj\u00e4lper dig!<\/h2>\n<p>F\u00f6r dig som funderar p\u00e5 att k\u00f6pa ett boende i Spanien, finns vi till ditt f\u00f6rfogande f\u00f6r alla fr\u00e5gor som du b\u00e4r p\u00e5. .\u00a0\u00a0Jag hj\u00e4lper till att hitta ditt dr\u00f6mboende med visningar men kan \u00e4ven ordna med resan och boendet om det \u00f6nskas. Om det blir k\u00f6p hj\u00e4lper vi dig med hela k\u00f6pet.<\/p>\n<p>Vi kan ta reda p\u00e5 allt du vill veta om omr\u00e5det just d\u00e4r du \u00f6nskar bo, tex skolor, kyrkor, barnv\u00e4nlighet, butiker, handikappv\u00e4nligt, sev\u00e4rdheter, f\u00f6reningar, golfanl\u00e4ggningar.<\/p>\n<p>Tveka inte att kontakta mig f\u00f6r fr\u00e5gor.<\/p>\n<p>Jeanette Nilsson<\/p>\n<p>info@spansktboende.se<\/p>\n<p>+46705884666<\/p>\n<hr \/>\n","protected":false},"excerpt":{"rendered":"<p>Vi hj\u00e4lper dig! F\u00f6r dig som funderar p\u00e5 att k\u00f6pa ett boende i Spanien, finns vi till ditt f\u00f6rfogande f\u00f6r alla fr\u00e5gor som du b\u00e4r p\u00e5. .\u00a0\u00a0Jag hj\u00e4lper till att hitta ditt dr\u00f6mboende med visningar men kan \u00e4ven ordna med resan och boendet om det \u00f6nskas. Om det blir k\u00f6p hj\u00e4lper vi dig med hela&hellip; <a class=\"more-link\" href=\"https:\/\/spansktboende.se\/?page_id=22\">L\u00e4s mer <span class=\"screen-reader-text\">om oss<\/span><\/a><\/p>\n","protected":false},"author":2,"featured_media":0,"parent":0,"menu_order":0,"comment_status":"closed","ping_status":"open","template":"","meta":{"footnotes":""},"_links":{"self":[{"href":"https:\/\/spansktboende.se\/index.php?rest_route=\/wp\/v2\/pages\/22"}],"collection":[{"href":"https:\/\/spansktboende.se\/index.php?rest_route=\/wp\/v2\/pages"}],"about":[{"href":"https:\/\/spansktboende.se\/index.php?rest_route=\/wp\/v2\/types\/page"}],"author":[{"embeddable":true,"href":"https:\/\/spansktboende.se\/index.php?rest_route=\/wp\/v2\/users\/2"}],"replies":[{"embeddable":true,"href":"https:\/\/spansktboende.se\/index.php?rest_route=%2Fwp%2Fv2%2Fcomments&post=22"}],"version-history":[{"count":19,"href":"https:\/\/spansktboende.se\/index.php?rest_route=\/wp\/v2\/pages\/22\/revisions"}],"predecessor-version":[{"id":460,"href":"https:\/\/spansktboende.se\/index.php?rest_route=\/wp\/v2\/pages\/22\/revisions\/460"}],"wp:attachment":[{"href":"https:\/\/spansktboende.se\/index.php?rest_route=%2Fwp%2Fv2%2Fmedia&parent=22"}],"curies":[{"name":"wp","href":"https:\/\/api.w.org\/{rel}","templated":true}]}}