{"id":76,"date":"2014-03-06T22:00:28","date_gmt":"2014-03-06T21:00:28","guid":{"rendered":"http:\/\/spansktboende.se\/?page_id=76"},"modified":"2022-01-02T20:42:56","modified_gmt":"2022-01-02T19:42:56","slug":"vara-objekt","status":"publish","type":"page","link":"https:\/\/spansktboende.se\/?page_id=76","title":{"rendered":"V\u00e5ra objekt"},"content":{"rendered":"<h2><strong>Vi har\u00a0n\u00e5got f\u00f6r alla\u00a0!<\/strong><\/h2>\n<p>Det finns m\u00e4ngder av boende alternativ fr\u00e5n under miljonen till lyxvillor att v\u00e4lja p\u00e5, du v\u00e4ljer vad som passar dig\/er b\u00e4st. Du kanske vill bo n\u00e4ra havet eller s\u00e5 n\u00e4ra man kan en golfbana alternativen \u00e4r m\u00e5ngfald. Ta kontakt och beskriv vad just du\/ni s\u00f6ker s\u00e5 letar vi upp sp\u00e4nnande potentiella dr\u00f6m hem.<\/p>\n<p><strong>2022<\/strong>\u00a0bjuder p\u00e5 en m\u00e4ngd objekt h\u00e4r i Spaniens solkust f\u00f6r dig att v\u00e4lja p\u00e5. F\u00f6r att se och f\u00f6lja vad som finns till salu s\u00e5 klicka p\u00e5 l\u00e4nken nedan, den leder till v\u00e5r engelska sida. N\u00e4r du hittar n\u00e5got som intresserar dig\/er s\u00e5 kontakta mig s\u00e5 ordnar jag med visningar. Sj\u00e4lvklart vill vi visa flera alternativ f\u00f6r dig\/er.<\/p>\n<hr \/>\n<div class=\"dark-blue\"><\/div>\n<div class=\"dark-blue\">\n<\/div>\n<p><span style=\"font-family: Thread-0000117c-Id-00000010;\">\u00a0<\/span><\/p>\n<p><a href=\"Http:\/\/spansktboende.se\/wp-content\/uploads\/2014\/03\/35.jpg\">\u00a0<\/a><\/p>\n<p>_________________________________________________________________________________________________<\/p>\n<div id=\"id_53949f898f5645785118529\"><\/div>\n<div id=\"id_53949f898f5645785118529\"><\/div>\n<div><\/div>\n<p><a href=\"Http:\/\/spansktboende.se\/wp-content\/uploads\/2014\/03\/233.jpg\">\u00a0<\/a><\/p>\n<p><a href=\"Http:\/\/spansktboende.se\/wp-content\/uploads\/2014\/03\/141.jpg\">\u00a0<\/a><\/p>\n<p><a href=\"Http:\/\/spansktboende.se\/wp-content\/uploads\/2014\/03\/152.jpg\">\u00a0<\/a><\/p>\n<p><a href=\"Http:\/\/spansktboende.se\/wp-content\/uploads\/2014\/03\/173.jpg\">\u00a0<\/a><\/p>\n<p><strong>\u00a0<\/strong><\/p>\n<p><a href=\"Http:\/\/spansktboende.se\/wp-content\/uploads\/2014\/03\/228.jpg\">\u00a0<\/a><\/p>\n<p>_________________________________________________________________________________________________<\/p>\n","protected":false},"excerpt":{"rendered":"<p>Vi har\u00a0n\u00e5got f\u00f6r alla\u00a0! Det finns m\u00e4ngder av boende alternativ fr\u00e5n under miljonen till lyxvillor att v\u00e4lja p\u00e5, du v\u00e4ljer vad som passar dig\/er b\u00e4st. Du kanske vill bo n\u00e4ra havet eller s\u00e5 n\u00e4ra man kan en golfbana alternativen \u00e4r m\u00e5ngfald. Ta kontakt och beskriv vad just du\/ni s\u00f6ker s\u00e5 letar vi upp sp\u00e4nnande potentiella&hellip; <a class=\"more-link\" href=\"https:\/\/spansktboende.se\/?page_id=76\">L\u00e4s mer <span class=\"screen-reader-text\">V\u00e5ra objekt<\/span><\/a><\/p>\n","protected":false},"author":2,"featured_media":0,"parent":0,"menu_order":5,"comment_status":"closed","ping_status":"open","template":"","meta":{"footnotes":""},"_links":{"self":[{"href":"https:\/\/spansktboende.se\/index.php?rest_route=\/wp\/v2\/pages\/76"}],"collection":[{"href":"https:\/\/spansktboende.se\/index.php?rest_route=\/wp\/v2\/pages"}],"about":[{"href":"https:\/\/spansktboende.se\/index.php?rest_route=\/wp\/v2\/types\/page"}],"author":[{"embeddable":true,"href":"https:\/\/spansktboende.se\/index.php?rest_route=\/wp\/v2\/users\/2"}],"replies":[{"embeddable":true,"href":"https:\/\/spansktboende.se\/index.php?rest_route=%2Fwp%2Fv2%2Fcomments&post=76"}],"version-history":[{"count":60,"href":"https:\/\/spansktboende.se\/index.php?rest_route=\/wp\/v2\/pages\/76\/revisions"}],"predecessor-version":[{"id":462,"href":"https:\/\/spansktboende.se\/index.php?rest_route=\/wp\/v2\/pages\/76\/revisions\/462"}],"wp:attachment":[{"href":"https:\/\/spansktboende.se\/index.php?rest_route=%2Fwp%2Fv2%2Fmedia&parent=76"}],"curies":[{"name":"wp","href":"https:\/\/api.w.org\/{rel}","templated":true}]}}